{"id":158,"date":"2021-12-25T11:07:58","date_gmt":"2021-12-25T11:07:58","guid":{"rendered":"http:\/\/piyanofestivali.bilkent.edu.tr\/?page_id=158"},"modified":"2022-06-18T12:36:29","modified_gmt":"2022-06-18T12:36:29","slug":"program-2","status":"publish","type":"page","link":"https:\/\/piyanofestivali.bilkent.edu.tr\/index.php\/program-2\/","title":{"rendered":"Program"},"content":{"rendered":"\n<p class=\"has-medium-font-size\"><strong>PROGRAMA GENEL BAKI\u015e<\/strong><\/p>\n\n\n\n<p style=\"font-size:18px\">Festival 20 Haziran &#8211; 27 Haziran tarihleri aras\u0131nda bir hafta s\u00fcrecektir. T\u00fcm kat\u0131l\u0131mc\u0131lar\u0131n, konuk sanat\u00e7\u0131lar, personel ve piyano b\u00f6l\u00fcm\u00fc \u00f6\u011fretim \u00fcyelerinin en ge\u00e7 19 Haziran Pazar g\u00fcn\u00fcne kadar gelmeleri rica olunur. Program a\u015fa\u011f\u0131daki gibidir:<\/p>\n\n\n\n<h2 class=\"wp-block-heading\" id=\"festival-schedule\">Festival Program\u0131<\/h2>\n\n\n\n<figure class=\"wp-block-table is-style-stripes\"><table><tbody><tr><td><\/td><td><strong>Pazartesi, 20 Haziran<\/strong><\/td><td><strong>Sal\u0131, 21 Haziran<\/strong><\/td><td><strong>\u00c7ar\u015famba, 22 Haziran<\/strong><\/td><td><strong>Per\u015fembe, 23 Haziran<\/strong><\/td><td><strong>Cuma, 24 Haziran<\/strong><\/td><td><strong>Cumartesi, 25 Haziran<\/strong><\/td><td><strong>Pazar, 26 Haziran<\/strong><\/td><\/tr><tr><td><strong>9:00 <\/strong><\/td><td><\/td><td><\/td><td><\/td><td><\/td><td><\/td><td>Seminer: Sahne Deneyimi<\/td><td><\/td><\/tr><tr><td><strong>10:00 <\/strong><\/td><td>Ders I<\/td><td>Ders I<\/td><td>Ders I (Gardon Hari\u00e7)<\/td><td>Ders I<\/td><td>Ders I<\/td><td>Gezi ve Dinlenme<\/td><td>Ders I ( sadece Gardon )<\/td><\/tr><tr><td><strong>11:10 <\/strong><\/td><td>Ders II<\/td><td>Ders II<\/td><td>Ders II (Gardon Hari\u00e7)<\/td><td>Ders II<\/td><td>Ders II<\/td><td>Gezi ve Dinlenme<\/td><td>Ders II ( sadece Gardon )<\/td><\/tr><tr><td><strong>12:10 <\/strong><\/td><td><em>\u00d6\u011fle Yeme\u011fi<\/em><\/td><td><em>\u00d6\u011fle Yeme\u011fi<\/em><\/td><td><em>\u00d6\u011fle Yeme\u011fi<\/em><\/td><td><em>\u00d6\u011fle Yeme\u011fi<\/em><\/td><td><em>\u00d6\u011fle Yeme\u011fi<\/em><\/td><td><em>\u00d6\u011fle Yeme\u011fi<\/em><\/td><td><em>\u00d6\u011fle Yeme\u011fi<\/em><\/td><\/tr><tr><td><strong>13:10<\/strong><\/td><td>Ders III<\/td><td>Ders III<\/td><td>Ders III (Gardon Hari\u00e7)<\/td><td>Ders III<\/td><td>Ders III<\/td><td><em><em>Gezi ve Dinlenme<\/em><\/em><\/td><td>Ders III ( sadece Gardon )<\/td><\/tr><tr><td><strong>14:30 <\/strong><\/td><td>Seminer: Barok M\u00fczik \u0130cras\u0131<\/td><td>Masterclass: Voskresenskii<\/td><td>Masterclass: Elivar<\/td><td>Masterclass: Gardon<\/td><td>Masterclass:<br>Cho <\/td><td>Gezi ve Dinlenme<\/td><td><\/td><\/tr><tr><td><strong>18:30<\/strong><\/td><td><em>Ak\u015fam Yeme\u011fi<\/em><\/td><td><em>Ak\u015fam Yeme\u011fi<\/em><\/td><td><em>Ak\u015fam Yeme\u011fi<\/em><\/td><td><em>Ak\u015fam Yeme\u011fi<\/em><\/td><td><em>Ak\u015fam Yeme\u011fi<\/em><\/td><td>Konuk Sanat\u00e7\u0131lar ile Ak\u015fam Yeme\u011fi<\/td><td><em>Ak\u015fam Yeme\u011fi<\/em><\/td><\/tr><tr><td><strong>20:30 <\/strong><\/td><td>A\u00e7\u0131l\u0131\u015f Konseri: Konuk Sanat\u00e7\u0131lar<\/td><td><\/td><td>Resital: Olivier Gardon<\/td><td><\/td><td><\/td><td><\/td><td>Kapan\u0131\u015f Konseri: Kat\u0131l\u0131mc\u0131lar<\/td><\/tr><\/tbody><\/table><figcaption><em>**&#8221;Bay Gardon \u00c7ar\u015famba ak\u015fam\u0131 verdi\u011fi resital nedeniyle \u00c7ar\u015famba derslerini Pazar g\u00fcn\u00fc verecek, di\u011fer dersler ayn\u0131 kalacak.<\/em><\/figcaption><\/figure>\n\n\n\n<p style=\"font-size:18px\"><strong>Giri\u015f<\/strong><\/p>\n\n\n\n<p style=\"font-size:18px\">Festivalde sizlere dersler, ustal\u0131k s\u0131n\u0131flar\u0131, konserler ve \u00e7evrimi\u00e7i seminerlerden olu\u015fan heyecan verici bir program haz\u0131rlad\u0131k. \u00d6\u011frencilerin enstr\u00fcmanlar\u0131yla ilgili \u00e7e\u015fitli etkinlik ve derslere kat\u0131l\u0131mlar\u0131 artt\u0131k\u00e7a daha iyi \u00f6\u011frendiklerine inan\u0131yoruz. Yukar\u0131daki temsili plandan da g\u00f6r\u00fclebilece\u011fi \u00fczere, g\u00fcnl\u00fck programlar m\u00fcmk\u00fcn olan en verimli \u015fekilde maksimum etkinlik say\u0131s\u0131na izin verirken, festival kat\u0131l\u0131mc\u0131lar\u0131na ve fak\u00fclte konuk sanat\u00e7\u0131lar\u0131na a\u015f\u0131r\u0131 y\u00fcklememeye dikkat ederek \u00f6zenle d\u00fczenlenmi\u015ftir.<\/p>\n\n\n\n<p style=\"font-size:18px\"><strong>Dersler<\/strong><\/p>\n\n\n\n<p style=\"font-size:18px\">Dersler 40 dakikal\u0131k e\u011fitim s\u00fcresi i\u00e7inde yap\u0131l\u0131r. T\u00fcm dersler aras\u0131nda 10 dakika ara verilecektir. Her aktif kat\u0131l\u0131mc\u0131, festival s\u00fcresince 4 ders al\u0131r. Her \u00f6\u011frencinin dersi farkl\u0131 bir e\u011fitmen taraf\u0131ndan i\u015flenecektir. Fak\u00fclte misafir \u00f6\u011fretim elemanlar\u0131n\u0131n hafta i\u00e7i her g\u00fcn be\u015f ders (\u00c7ar\u015famba durumunda d\u00f6rt) vermesi planlanm\u0131\u015ft\u0131r.<\/p>\n\n\n\n<p style=\"font-size:18px\"><strong>Masterclass\u2019lar<\/strong><\/p>\n\n\n\n<p style=\"font-size:18px\">Ustal\u0131k s\u0131n\u0131flar\u0131, d\u00f6rt uluslararas\u0131 konuk sanat\u00e7\u0131n\u0131n her biri taraf\u0131ndan Bilkent Konser Salonu\u2019nda halka a\u00e7\u0131k olarak verilecektir. Bunlar \u00f6\u011fleden sonra ge\u00e7 saatlerde, ak\u015fam yeme\u011finden \u00f6nce ve g\u00fcnl\u00fck derslerin bitiminden sonra yap\u0131lacakt\u0131r. Masterclasslar\u0131n s\u00fcresi 160 dakikad\u0131r. Performans i\u00e7in d\u00f6rt \u00f6\u011frenci se\u00e7ilecektir; her biri 40\u2019ar dakikal\u0131k e\u011fitim s\u00fcresi alacakt\u0131r (derslerle ayn\u0131 s\u00fcre). Bilkent Piyano B\u00f6l\u00fcm\u00fc, halka a\u00e7\u0131k masterclass\u2019a kat\u0131lan \u00f6\u011frencilerin festival s\u00fcresince ders ald\u0131klar\u0131 konuk sanat\u00e7\u0131 ile ustal\u0131k s\u0131n\u0131f\u0131nda \u00e7al\u0131\u015facaklar\u0131 ki\u015finin farkl\u0131 olmas\u0131 i\u00e7in bir planlama yapmaya \u00e7al\u0131\u015facakt\u0131r.<\/p>\n\n\n\n<p style=\"font-size:18px\"><strong>Konserler<\/strong><\/p>\n\n\n\n<p style=\"font-size:18px\">\u0130ki konser planlanmaktad\u0131r: \u0130lki, bu y\u0131lki festival i\u00e7in davetli konuk sanat\u00e7\u0131lar\u0131m\u0131z\u0131n yer ald\u0131\u011f\u0131 kar\u015f\u0131lama konseri. Konuk sanat\u00e7\u0131lar\u0131n her biri kendi se\u00e7tikleri bir eseri seslendireceklerdir. \u0130kincisi ise kapan\u0131\u015f konseri; burada aktif kat\u0131l\u0131mc\u0131lar \u00e7al\u0131\u015ft\u0131klar\u0131 eserleri icra etme \u015fans\u0131na sahip olacaklard\u0131r. Ek olarak, fak\u00fcltemiz konuk sanat\u00e7\u0131lar\u0131n tam bir solo resital sunmalar\u0131n\u0131 da te\u015fvik eder &#8211; e\u011fer sanat\u00e7\u0131 kabul ederse, resitalleri ak\u015fam saatinde planlanacakt\u0131r.<\/p>\n\n\n\n<p style=\"font-size:18px\"><strong>Seminerler<\/strong><\/p>\n\n\n\n<p style=\"font-size:18px\">\u015eu anda iki seminer planlanmaktad\u0131r. Her ikisi de \u00e7evrimi\u00e7i bi\u00e7iminde sunulacakt\u0131r. Konular piyano tekni\u011fi, m\u00fczisyenlik ve tarihsellik ile ilgili olacakt\u0131r. Seminerler hafta i\u00e7i ve sonu bo\u015f kontenjanlarda planlanacakt\u0131r.<\/p>\n\n\n\n<p style=\"font-size:18px\"><strong>Hafta sonlar\u0131<\/strong><\/p>\n\n\n\n<p style=\"font-size:18px\">Cumartesi g\u00fcn\u00fc gezi g\u00fcn\u00fc olarak planlanm\u0131\u015ft\u0131r. Festival, Ankara ve \u00e7evresindeki \u00e7e\u015fitli turistik yerlere ula\u015f\u0131m sa\u011flayacakt\u0131r. Bilkent Piyano B\u00f6l\u00fcm\u00fc, o g\u00fcn festivale konuk sanat\u00e7\u0131lar\u0131 \u015fehir turuna \u00e7\u0131karacakt\u0131r. Cumartesi g\u00fcn\u00fc sabah bir seminer (sunucu ile saat dilimi farkl\u0131l\u0131klar\u0131 nedeniyle) ve Pazar ak\u015fam\u0131 ise kapan\u0131\u015f konseri planlanmaktad\u0131r.<\/p>\n\n\n\n<p><\/p>\n\n\n\n<p><\/p>\n","protected":false},"excerpt":{"rendered":"<p>PROGRAMA GENEL BAKI\u015e Festival 20 Haziran &#8211; 27 Haziran tarihleri aras\u0131nda bir hafta s\u00fcrecektir. T\u00fcm kat\u0131l\u0131mc\u0131lar\u0131n, konuk sanat\u00e7\u0131lar, personel ve piyano b\u00f6l\u00fcm\u00fc \u00f6\u011fretim \u00fcyelerinin en [&hellip;]<\/p>\n","protected":false},"author":1,"featured_media":0,"parent":0,"menu_order":0,"comment_status":"closed","ping_status":"closed","template":"","meta":{"footnotes":""},"class_list":["post-158","page","type-page","status-publish","hentry"],"_links":{"self":[{"href":"https:\/\/piyanofestivali.bilkent.edu.tr\/index.php\/wp-json\/wp\/v2\/pages\/158","targetHints":{"allow":["GET"]}}],"collection":[{"href":"https:\/\/piyanofestivali.bilkent.edu.tr\/index.php\/wp-json\/wp\/v2\/pages"}],"about":[{"href":"https:\/\/piyanofestivali.bilkent.edu.tr\/index.php\/wp-json\/wp\/v2\/types\/page"}],"author":[{"embeddable":true,"href":"https:\/\/piyanofestivali.bilkent.edu.tr\/index.php\/wp-json\/wp\/v2\/users\/1"}],"replies":[{"embeddable":true,"href":"https:\/\/piyanofestivali.bilkent.edu.tr\/index.php\/wp-json\/wp\/v2\/comments?post=158"}],"version-history":[{"count":16,"href":"https:\/\/piyanofestivali.bilkent.edu.tr\/index.php\/wp-json\/wp\/v2\/pages\/158\/revisions"}],"predecessor-version":[{"id":618,"href":"https:\/\/piyanofestivali.bilkent.edu.tr\/index.php\/wp-json\/wp\/v2\/pages\/158\/revisions\/618"}],"wp:attachment":[{"href":"https:\/\/piyanofestivali.bilkent.edu.tr\/index.php\/wp-json\/wp\/v2\/media?parent=158"}],"curies":[{"name":"wp","href":"https:\/\/api.w.org\/{rel}","templated":true}]}}