{"id":180,"date":"2022-01-24T11:33:34","date_gmt":"2022-01-24T11:33:34","guid":{"rendered":"http:\/\/piyanofestivali.bilkent.edu.tr\/?page_id=180"},"modified":"2022-03-15T17:48:13","modified_gmt":"2022-03-15T17:48:13","slug":"about-bilkent-university","status":"publish","type":"page","link":"https:\/\/piyanofestivali.bilkent.edu.tr\/index.php\/about-bilkent-university\/","title":{"rendered":"B\u0130LKENT \u00dcN\u0130VERS\u0130TES\u0130 HAKKINDA"},"content":{"rendered":"\n<h2 class=\"wp-block-heading\">Bilkent \u00dcniversitesi Hakk\u0131nda <\/h2>\n\n\n\n<figure class=\"wp-block-image size-large is-resized\"><img loading=\"lazy\" decoding=\"async\" src=\"http:\/\/piyanofestivali.bilkent.edu.tr\/wp-content\/uploads\/2022\/03\/Bilkent-genel-kadraj-min-1024x647.jpg\" alt=\"\" class=\"wp-image-419\" width=\"624\" height=\"394\" srcset=\"https:\/\/piyanofestivali.bilkent.edu.tr\/wp-content\/uploads\/2022\/03\/Bilkent-genel-kadraj-min-1024x647.jpg 1024w, https:\/\/piyanofestivali.bilkent.edu.tr\/wp-content\/uploads\/2022\/03\/Bilkent-genel-kadraj-min-300x189.jpg 300w, https:\/\/piyanofestivali.bilkent.edu.tr\/wp-content\/uploads\/2022\/03\/Bilkent-genel-kadraj-min-768x485.jpg 768w, https:\/\/piyanofestivali.bilkent.edu.tr\/wp-content\/uploads\/2022\/03\/Bilkent-genel-kadraj-min-1536x970.jpg 1536w, https:\/\/piyanofestivali.bilkent.edu.tr\/wp-content\/uploads\/2022\/03\/Bilkent-genel-kadraj-min.jpg 1772w\" sizes=\"auto, (max-width: 624px) 100vw, 624px\" \/><\/figure>\n\n\n\n<p style=\"font-size:18px\">Bilkent \u00dcniversitesi, Ankara&#8217;da bulunan \u00f6zel bir \u00fcniversitedir. 1984 y\u0131l\u0131nda, Prof. \u0130hsan Do\u011framac\u0131 taraf\u0131ndan y\u00fcksek\u00f6\u011fretim ve ara\u015ft\u0131rma alanlar\u0131nda ileri seviyede \u00e7al\u0131\u015fmalar yapmak maksad\u0131yla kurulmu\u015ftur. Kendisi de akademisyen olan Prof. Do\u011framac\u0131, daha \u00f6nce de \u00e7ok say\u0131da kamu y\u00fcksek\u00f6\u011fretim kurumunun kurulmas\u0131na katk\u0131da bulunmu\u015ftur. Prof. Do\u011framac\u0131, Ankara \u00dcniversitesi rekt\u00f6rl\u00fc\u011f\u00fc, Orta Do\u011fu Teknik \u00dcniversitesi M\u00fctevelli Heyeti Ba\u015fkanl\u0131\u011f\u0131 ve Hacettepe \u00dcniversitesi&#8217;nin kurucusu olarak T\u00fcrkiye\u2019deki akademik kurumlar\u0131n geli\u015fim ve olu\u015fumlar\u0131nda \u00e7ok \u00f6nemli bir rol oynam\u0131\u015ft\u0131r.<\/p>\n\n\n\n<p style=\"font-size:18px\">Bilkent, \u00fclkede kurulan ilk \u00f6zel vak\u0131f&nbsp; \u00fcniversitedir. Bilkent \u00dcniversitesi 1986 y\u0131l\u0131nda ilk \u00f6\u011frencilerini kabul etmi\u015ftir. Halen on fak\u00fclte ve \u00fc\u00e7 y\u00fcksek lisans enstit\u00fcs\u00fc b\u00fcnyesinde 12.000&#8242; in \u00fczerinde \u00f6\u011frencisi bulunmaktad\u0131r. \u00d6\u011frenci toplulu\u011funun i\u00e7erisinde 60 farkl\u0131 \u00fclkeden uluslararas\u0131 \u00f6\u011frenciler ve de\u011fi\u015fim \u00f6\u011frencileri yer almaktad\u0131r . Bilkent\u2019te \u00f6\u011frenim g\u00f6ren \u00f6\u011frencilerin yakla\u015f\u0131k %64&#8217;\u00fc \u00e7e\u015fitli burslardan yararlanmaktad\u0131r.<\/p>\n\n\n\n<p style=\"font-size:18px\">\u00dcniversitenin \u00f6\u011fretim kadrosu, 37 farkl\u0131 \u00fclkeden gelen akademik personeli bar\u0131nd\u0131r\u0131r. Bu kadro \u00e7o\u011funlukla Avrupa ve Kuzey Amerika\u2019da sayg\u0131n kariyerler edinmi\u015f akademisyenlerden olu\u015fmaktad\u0131r. ISI Citation Indexes&#8217;e g\u00f6re Bilkent, \u00f6\u011fretim \u00fcyesi ba\u015f\u0131na yay\u0131nlanan makale say\u0131s\u0131nda T\u00fcrkiye&#8217;deki \u00fcniversiteler aras\u0131nda her zaman \u00fcst s\u0131ralarda yer almaktad\u0131r.<\/p>\n\n\n\n<p style=\"font-size:18px\">\u00d6\u011fretim kadrosu i\u00e7erisinde d\u00fcnyaca \u00fcnl\u00fc akademisyenler bar\u0131nd\u0131ran Bilkent, birinci s\u0131n\u0131f tesis ve olanaklar\u0131 ile T\u00fcrkiye&#8217;nin en parlak \u00f6\u011frencilerinin \u00e7o\u011funu \u00e7ekmeye devam etmektedir. Bilkent \u00dcniversitesi be\u015f farkl\u0131 k\u0131tada kariyerlerine devam eden 55.000 mezunuyla gurur duymaktad\u0131r.<\/p>\n","protected":false},"excerpt":{"rendered":"<p>Bilkent \u00dcniversitesi Hakk\u0131nda Bilkent \u00dcniversitesi, Ankara&#8217;da bulunan \u00f6zel bir \u00fcniversitedir. 1984 y\u0131l\u0131nda, Prof. \u0130hsan Do\u011framac\u0131 taraf\u0131ndan y\u00fcksek\u00f6\u011fretim ve ara\u015ft\u0131rma alanlar\u0131nda ileri seviyede \u00e7al\u0131\u015fmalar yapmak maksad\u0131yla [&hellip;]<\/p>\n","protected":false},"author":1,"featured_media":0,"parent":0,"menu_order":0,"comment_status":"closed","ping_status":"closed","template":"","meta":{"footnotes":""},"class_list":["post-180","page","type-page","status-publish","hentry"],"_links":{"self":[{"href":"https:\/\/piyanofestivali.bilkent.edu.tr\/index.php\/wp-json\/wp\/v2\/pages\/180","targetHints":{"allow":["GET"]}}],"collection":[{"href":"https:\/\/piyanofestivali.bilkent.edu.tr\/index.php\/wp-json\/wp\/v2\/pages"}],"about":[{"href":"https:\/\/piyanofestivali.bilkent.edu.tr\/index.php\/wp-json\/wp\/v2\/types\/page"}],"author":[{"embeddable":true,"href":"https:\/\/piyanofestivali.bilkent.edu.tr\/index.php\/wp-json\/wp\/v2\/users\/1"}],"replies":[{"embeddable":true,"href":"https:\/\/piyanofestivali.bilkent.edu.tr\/index.php\/wp-json\/wp\/v2\/comments?post=180"}],"version-history":[{"count":5,"href":"https:\/\/piyanofestivali.bilkent.edu.tr\/index.php\/wp-json\/wp\/v2\/pages\/180\/revisions"}],"predecessor-version":[{"id":504,"href":"https:\/\/piyanofestivali.bilkent.edu.tr\/index.php\/wp-json\/wp\/v2\/pages\/180\/revisions\/504"}],"wp:attachment":[{"href":"https:\/\/piyanofestivali.bilkent.edu.tr\/index.php\/wp-json\/wp\/v2\/media?parent=180"}],"curies":[{"name":"wp","href":"https:\/\/api.w.org\/{rel}","templated":true}]}}