{"id":50,"date":"2021-12-22T14:54:34","date_gmt":"2021-12-22T14:54:34","guid":{"rendered":"http:\/\/piyanofestivali.bilkent.edu.tr\/?page_id=50"},"modified":"2022-06-09T13:58:34","modified_gmt":"2022-06-09T13:58:34","slug":"home","status":"publish","type":"page","link":"https:\/\/piyanofestivali.bilkent.edu.tr\/","title":{"rendered":"Ana Sayfa"},"content":{"rendered":"\n<div class=\"wp-block-columns are-vertically-aligned-center is-layout-flex wp-container-core-columns-is-layout-9d6595d7 wp-block-columns-is-layout-flex\">\n<div class=\"wp-block-column is-vertically-aligned-center is-layout-flow wp-block-column-is-layout-flow\" style=\"flex-basis:100%\">\n<div class=\"wp-block-group alignfull\"><div class=\"wp-block-group__inner-container is-layout-flow wp-block-group-is-layout-flow\">\n<div class=\"wp-block-columns are-vertically-aligned-top is-layout-flex wp-container-core-columns-is-layout-9d6595d7 wp-block-columns-is-layout-flex\">\n<div class=\"wp-block-column is-vertically-aligned-top is-layout-flow wp-block-column-is-layout-flow\" style=\"flex-basis:100%\">\n<div class=\"wp-block-group alignfull\"><div class=\"wp-block-group__inner-container is-layout-flow wp-block-group-is-layout-flow\">\n<div class=\"wp-block-jetpack-layout-grid alignfull column1-desktop-grid__span-6 column1-desktop-grid__row-1 column2-desktop-grid__span-5 column2-desktop-grid__start-8 column2-desktop-grid__row-1 column1-tablet-grid__span-4 column1-tablet-grid__row-1 column2-tablet-grid__span-4 column2-tablet-grid__start-5 column2-tablet-grid__row-1 column1-mobile-grid__span-4 column1-mobile-grid__row-1 column2-mobile-grid__span-4 column2-mobile-grid__row-2\">\n<div class=\"wp-block-jetpack-layout-grid-column wp-block-jetpack-layout-grid__padding-none is-vertically-aligned-top\">\n<h1 class=\"has-text-align-left has-black-color has-text-color wp-block-heading\" id=\"welcome-message\" style=\"font-size:34.5px;text-transform:capitalize\">Ho\u015f geldiniz<\/h1>\n\n\n\n<p style=\"font-size:18px\"> De\u011ferli Gen\u00e7 Piyanistler ve Sanatseverler,<\/p>\n\n\n\n<p style=\"font-size:18px\">&nbsp;\u0130nsanl\u0131\u011f\u0131n \u00e7a\u011flar boyunca kar\u015f\u0131 kar\u015f\u0131ya kald\u0131\u011f\u0131 kitlesel salg\u0131nlardan biri ile yakla\u015f\u0131k iki y\u0131ld\u0131r uluslararas\u0131 boyutta b\u00fcy\u00fck bir m\u00fccadele veriliyor. Bu s\u00fcre\u00e7te hepimiz \u00f6ng\u00f6r\u00fclemeyen zorluklar ya\u015fay\u0131p, t\u00fcrl\u00fc \u00f6zverilerde bulunmak zorunda kalsak da, bir noktada bu durumun mutlaka sonunun gelece\u011fi inanc\u0131 ile \u00f6nlemlerimizi elden b\u0131rakmadan, y\u00fcz\u00fcm\u00fcz\u00fc ayd\u0131nl\u0131k y\u00f6ne \u00e7evirerek yeni projeler \u00fcretmeye devam ediyoruz. Birbirimizden ald\u0131\u011f\u0131m\u0131z enerji ve y\u00fcksek motivasyon ile ortaya \u00e7\u0131kan bu bir haftal\u0131k m\u00fczik \u015f\u00f6leninde sizleri de aram\u0131zda g\u00f6rmek i\u00e7in sab\u0131rs\u0131zlan\u0131yoruz, 2022 Bilkent Piyano Festivali\u2019ne ho\u015fgeldiniz!<\/p>\n\n\n\n<p style=\"font-size:18px\">Bilkent Piyano Festivali\u2019nin amac\u0131, gelece\u011fin piyanistlerini te\u015fvik etmek, y\u00fcksek seviyede bir m\u00fczik ortam\u0131 sunarak onlara ilham vermek ve ufuklar\u0131n\u0131 a\u00e7maya yard\u0131mc\u0131 olmak olarak \u00f6zetlenebilir. Rekabetin aksine, payla\u015f\u0131m\u0131 \u00f6zendiren pozitif ve s\u0131cak atmosfere sahip festivalin b\u00fcnyesinde, her biri piyanist ve pedagog kimlikleri ile uluslararas\u0131 arenada b\u00fcy\u00fck ba\u015far\u0131lar elde etmi\u015f 5 de\u011ferli misafir sanat\u00e7\u0131, performanslar\u0131 ve pedagojik y\u00f6nleri ile bizlerle bir arada olacaklard\u0131r.<\/p>\n\n\n\n<p style=\"font-size:18px\">De\u011ferli konuk sanat\u00e7\u0131lar\u0131m\u0131z:<\/p>\n\n\n\n<p style=\"font-size:18px\">15. Van Cliburn Uluslararas\u0131 Piyano Yar\u0131\u015fmas\u0131 (2017), 16. Uluslararas\u0131 Tchaikovsky Piyano Yar\u0131\u015fmas\u0131 (2019) ve Amerikan Piyanistler Birli\u011fi&nbsp; (2021) \u00f6d\u00fcllerinin sahibi, Kenny BROBERG; Almava Trio\u2019nun kurucu \u00fcyelerinden, bir\u00e7ok \u00f6nemli konser salonu ve festivallerde sahne alan, Grand Valley Devlet \u00dcniversitesi\u2019nde Do\u00e7ent \u00f6\u011fretim \u00fcyesi Dr. Sookyoung CHO; Bremen (1999), Cidado do Porto (1999), D\u00fcnya Piyano Yar\u0131\u015fmas\u0131 (2000), Steinway-Prize (2001), Arthur Schnabel (2002) Vend\u00f4me-Prize (2003) \u00f6d\u00fcllerinin sahibi, Bursa Uluda\u011f \u00dcniversitesi Devlet Konservatuvar\u0131 Dr. \u00f6\u011fretim \u00fcyesi, Emre EL\u0130VAR; solist, oda m\u00fczisyenli\u011fi ve e\u011fitimci kimli\u011fi ile, Marguerite Long B\u00fcy\u00fck \u00d6d\u00fcl\u00fc (1973), Krali\u00e7e Elizabeth \u00d6d\u00fcl\u00fc (1975), Viotti Uluslararas\u0131 \u00d6d\u00fcl\u00fc, Monza Uluslararas\u0131 \u00d6d\u00fcl\u00fc, Senigallia \u00d6d\u00fcl\u00fc ve Napoli Casella \u00d6d\u00fcl\u00fc dahil olmak \u00fczere prestijli uluslararas\u0131 yar\u0131\u015fmalardan \u00e7ok say\u0131da \u00f6d\u00fcl sahibi, Paris Schola Cantorum \u00f6\u011fretim \u00fcyesi Olivier GARDON, yine solist ve e\u011fitimci kimli\u011fi ile tan\u0131nm\u0131\u015f Rusya\u2019n\u0131n De\u011ferli Sanat\u00e7\u0131s\u0131 (1966), Rusya Halk Sanat\u00e7\u0131s\u0131 (1989), Schumann Yar\u0131\u015fmas\u0131 (1956), Rio de Janerio Uluslararas\u0131 Yar\u0131\u015fmas\u0131 (1957), George Enescu Uluslararas\u0131 Piyano Yar\u0131\u015fmas\u0131 (1958) ve Van Cliburn Uluslararas\u0131 Piyano Yar\u0131\u015fmas\u0131 (1962) \u00f6d\u00fcllerinin sahibi, Moskova Konservatuvar\u0131 Piyano Fak\u00fcltesi Ba\u015fkan\u0131 ve Profes\u00f6r, Mikhail VOSKRESENSKII.<\/p>\n\n\n\n<p style=\"font-size:18px\">Kat\u0131l\u0131mc\u0131 gen\u00e7ler b\u00f6ylesine \u00f6nemli ustalar ile \u00e7al\u0131\u015fma, onlar\u0131n rehberli\u011finde kendi m\u00fczikal ki\u015filiklerini geli\u015ftirici deneyimlerde bulunma ve bunun sonucunda da festivalde sahne alarak, m\u00fczikseverler ile bunlar\u0131 payla\u015fma gibi e\u015fsiz f\u0131rsatlara sahip olacaklard\u0131r.<\/p>\n\n\n\n<p style=\"font-size:18px\">Donan\u0131ml\u0131 bir sanat\u00e7\u0131 olabilmek i\u00e7in sadece enstr\u00fcman\u0131n\u0131 \u00e7al\u0131\u015fmak elbette ki yeterli de\u011fildir. M\u00fczik ile ilgili ihtiyac\u0131n\u0131z olan her bilgiye sahip olman\u0131z, daha iyi bir m\u00fczisyen olma yolunda size \u00f6nemli avantajlar sa\u011flayacakt\u0131r. Biz de bunu \u00f6ng\u00f6rerek, festivalde online seminerlere de yer vermeye karar verdik. Farkl\u0131 ve ilgi \u00e7ekici konularda birer saatlik sunumlar\u0131yla online olarak kat\u0131l\u0131m sa\u011flayacak olan konuklar\u0131m\u0131z eminiz ki gelece\u011fin piyanistlerine \u00e7ok \u015fey katacaklard\u0131r. Bilkent Piyano Festivali s\u00fcresince kamp\u00fcste konaklayacak misafir sanat\u00e7\u0131lar\u0131m\u0131z ve \u00f6\u011frencilerimiz i\u00e7in rahat, modern ve g\u00fcvenli bir ortam sunarak, onlar\u0131 a\u011f\u0131rlamaktan memnuniyet duyaca\u011f\u0131z. Festivalde aktif, pasif ya da dinleyici olarak yer alacak t\u00fcm m\u00fczikseverlere renkli, verimli ve g\u00fczel an\u0131larla dolu bir m\u00fczikal hafta diliyoruz<\/p>\n\n\n\n<p style=\"font-size:18px\"><\/p>\n\n\n\n<p style=\"font-size:18px\"><\/p>\n\n\n\n<p style=\"font-size:18px\"><\/p>\n\n\n\n<p style=\"font-size:18px\"><\/p>\n\n\n\n<p style=\"font-size:18px\"><\/p>\n\n\n\n<p style=\"font-size:18px\"><\/p>\n\n\n\n<p style=\"font-size:18px\"><strong><em>Bilkent Piyano Departman\u0131<\/em><\/strong><\/p>\n\n\n\n<p style=\"font-size:18px\">Gamze K\u0131rt\u0131l, <em>Piyano Ana Sanat Dal\u0131 Koordinat\u00f6r\u00fc <\/em>(<em>T\u00fcrk\u00e7e Versiyonu<\/em>)<\/p>\n\n\n\n<p style=\"font-size:18px\">Zerin Rasul<\/p>\n\n\n\n<p style=\"font-size:18px\">Barno Haknazarova <\/p>\n\n\n\n<p style=\"font-size:18px\">Oliver Jia (<em>\u0130ngilizce Versiyonu<\/em>)<\/p>\n<\/div>\n\n\n\n<div class=\"wp-block-jetpack-layout-grid-column wp-block-jetpack-layout-grid__padding-none is-vertically-aligned-top\">\n<h2 class=\"has-black-color has-text-color wp-block-heading\" id=\"bilkent-piano-festival-20-26-june-2022\" style=\"font-size:26px\">Bilkent Piyano Festivali <strong>20-26 Haziran 2022<\/strong><\/h2>\n\n\n\n<figure class=\"wp-block-video\"><video height=\"1080\" style=\"aspect-ratio: 1080 \/ 1080;\" width=\"1080\" autoplay controls loop src=\"http:\/\/piyanofestivali.bilkent.edu.tr\/wp-content\/uploads\/2022\/04\/Piano.mp4\" playsinline><\/video><\/figure>\n\n\n\n<figure class=\"wp-block-image size-large is-resized\"><img loading=\"lazy\" decoding=\"async\" src=\"https:\/\/piyanofestivali.bilkent.edu.tr\/wp-content\/uploads\/2022\/06\/WhatsApp-Image-2022-06-09-at-01.42.36-630x1024.jpeg\" alt=\"\" class=\"wp-image-602\" width=\"446\" height=\"724\" srcset=\"https:\/\/piyanofestivali.bilkent.edu.tr\/wp-content\/uploads\/2022\/06\/WhatsApp-Image-2022-06-09-at-01.42.36-630x1024.jpeg 630w, https:\/\/piyanofestivali.bilkent.edu.tr\/wp-content\/uploads\/2022\/06\/WhatsApp-Image-2022-06-09-at-01.42.36-185x300.jpeg 185w, https:\/\/piyanofestivali.bilkent.edu.tr\/wp-content\/uploads\/2022\/06\/WhatsApp-Image-2022-06-09-at-01.42.36-768x1249.jpeg 768w, https:\/\/piyanofestivali.bilkent.edu.tr\/wp-content\/uploads\/2022\/06\/WhatsApp-Image-2022-06-09-at-01.42.36-945x1536.jpeg 945w, https:\/\/piyanofestivali.bilkent.edu.tr\/wp-content\/uploads\/2022\/06\/WhatsApp-Image-2022-06-09-at-01.42.36.jpeg 984w\" sizes=\"auto, (max-width: 446px) 100vw, 446px\" \/><\/figure>\n\n\n\n<div class=\"wp-block-buttons is-layout-flex wp-block-buttons-is-layout-flex\">\n<div class=\"wp-block-button has-custom-font-size has-medium-font-size\"><a class=\"wp-block-button__link\" href=\"https:\/\/docs.google.com\/forms\/d\/e\/1FAIpQLSfm0dE5MEMKuQ5P3HxBZbTVY6n1f3RAZ9Bna75o5A-EMMlaAg\/viewform\" target=\"_blank\" rel=\"noreferrer noopener\">Ba\u015fvuru Formu<\/a><\/div>\n<\/div>\n<\/div>\n<\/div>\n<\/div><\/div>\n<\/div>\n<\/div>\n\n\n\n<p><\/p>\n<\/div><\/div>\n<\/div>\n<\/div>\n\n\n\n<div class=\"wp-block-group\"><div class=\"wp-block-group__inner-container is-layout-flow wp-block-group-is-layout-flow\">\n<div class=\"wp-block-jetpack-layout-grid alignfull column1-desktop-grid__span-12 column1-desktop-grid__row-1 column1-tablet-grid__span-8 column1-tablet-grid__row-1 column1-mobile-grid__span-4 column1-mobile-grid__row-1\">\n<div class=\"wp-block-jetpack-layout-grid-column wp-block-jetpack-layout-grid__padding-none\"><\/div>\n<\/div>\n\n\n\n<h2 class=\"has-black-color has-text-color wp-block-heading\" id=\"follow-us\">Bizi Takip Edin<\/h2>\n\n\n\n<p class=\"has-black-color has-text-color\" style=\"font-size:18px\">Instagram: <a href=\"https:\/\/www.instagram.com\/pianofestbilkent\/\" target=\"_blank\" rel=\"noreferrer noopener\">https:\/\/www.instagram.com\/pianofestbilkent\/<\/a><\/p>\n\n\n\n<p class=\"has-black-color has-text-color\" style=\"font-size:18px\">Facebook: &nbsp;<a href=\"https:\/\/www.facebook.com\/pianofestbilkent\" target=\"_blank\" rel=\"noreferrer noopener\">https:\/\/www.facebook.com\/pianofestbilkent<\/a><\/p>\n\n\n\n<p class=\"has-black-color has-text-color\" style=\"font-size:18px\">E-Mail: <a href=\"mailto:pianofestbilkent@gmail.com\" target=\"_blank\" rel=\"noreferrer noopener\">pianofestbilkent@gmail.com<\/a><\/p>\n\n\n\n<p><\/p>\n<\/div><\/div>\n\n\n\n<p><\/p>\n","protected":false},"excerpt":{"rendered":"<p>Ho\u015f geldiniz De\u011ferli Gen\u00e7 Piyanistler ve Sanatseverler, &nbsp;\u0130nsanl\u0131\u011f\u0131n \u00e7a\u011flar boyunca kar\u015f\u0131 kar\u015f\u0131ya kald\u0131\u011f\u0131 kitlesel salg\u0131nlardan biri ile yakla\u015f\u0131k iki y\u0131ld\u0131r uluslararas\u0131 boyutta b\u00fcy\u00fck bir m\u00fccadele [&hellip;]<\/p>\n","protected":false},"author":1,"featured_media":0,"parent":0,"menu_order":0,"comment_status":"closed","ping_status":"closed","template":"","meta":{"footnotes":""},"class_list":["post-50","page","type-page","status-publish","hentry"],"_links":{"self":[{"href":"https:\/\/piyanofestivali.bilkent.edu.tr\/index.php\/wp-json\/wp\/v2\/pages\/50","targetHints":{"allow":["GET"]}}],"collection":[{"href":"https:\/\/piyanofestivali.bilkent.edu.tr\/index.php\/wp-json\/wp\/v2\/pages"}],"about":[{"href":"https:\/\/piyanofestivali.bilkent.edu.tr\/index.php\/wp-json\/wp\/v2\/types\/page"}],"author":[{"embeddable":true,"href":"https:\/\/piyanofestivali.bilkent.edu.tr\/index.php\/wp-json\/wp\/v2\/users\/1"}],"replies":[{"embeddable":true,"href":"https:\/\/piyanofestivali.bilkent.edu.tr\/index.php\/wp-json\/wp\/v2\/comments?post=50"}],"version-history":[{"count":70,"href":"https:\/\/piyanofestivali.bilkent.edu.tr\/index.php\/wp-json\/wp\/v2\/pages\/50\/revisions"}],"predecessor-version":[{"id":604,"href":"https:\/\/piyanofestivali.bilkent.edu.tr\/index.php\/wp-json\/wp\/v2\/pages\/50\/revisions\/604"}],"wp:attachment":[{"href":"https:\/\/piyanofestivali.bilkent.edu.tr\/index.php\/wp-json\/wp\/v2\/media?parent=50"}],"curies":[{"name":"wp","href":"https:\/\/api.w.org\/{rel}","templated":true}]}}