{"id":519,"date":"2022-03-15T17:58:39","date_gmt":"2022-03-15T17:58:39","guid":{"rendered":"http:\/\/piyanofestivali.bilkent.edu.tr\/?page_id=519"},"modified":"2022-04-08T16:23:52","modified_gmt":"2022-04-08T16:23:52","slug":"seminer-konusmacilari","status":"publish","type":"page","link":"https:\/\/piyanofestivali.bilkent.edu.tr\/index.php\/seminer-konusmacilari\/","title":{"rendered":"ONLINE SEM\u0130NER KONU\u015eMACILARI"},"content":{"rendered":"\n<h2 class=\"wp-block-heading\">Online Seminer Konu\u015fmac\u0131lar\u0131<\/h2>\n\n\n\n<figure class=\"wp-block-image size-large is-resized\"><img loading=\"lazy\" decoding=\"async\" src=\"http:\/\/piyanofestivali.bilkent.edu.tr\/wp-content\/uploads\/2022\/03\/ElizabethCrecca-816x1024.jpg\" alt=\"\" class=\"wp-image-529\" width=\"457\" height=\"574\" srcset=\"https:\/\/piyanofestivali.bilkent.edu.tr\/wp-content\/uploads\/2022\/03\/ElizabethCrecca-816x1024.jpg 816w, https:\/\/piyanofestivali.bilkent.edu.tr\/wp-content\/uploads\/2022\/03\/ElizabethCrecca-239x300.jpg 239w, https:\/\/piyanofestivali.bilkent.edu.tr\/wp-content\/uploads\/2022\/03\/ElizabethCrecca-768x964.jpg 768w, https:\/\/piyanofestivali.bilkent.edu.tr\/wp-content\/uploads\/2022\/03\/ElizabethCrecca-1224x1536.jpg 1224w, https:\/\/piyanofestivali.bilkent.edu.tr\/wp-content\/uploads\/2022\/03\/ElizabethCrecca.jpg 1581w\" sizes=\"auto, (max-width: 457px) 100vw, 457px\" \/><\/figure>\n\n\n\n<h2 class=\"wp-block-heading\">Elizabeth Crecca<\/h2>\n\n\n\n<p style=\"font-size:18px\">Dr. Elizabeth Crecca, piyanodaki \u201ckendine has t\u0131n\u0131s\u0131\u201d (The Chautauquan Daily) ile takdir kazanm\u0131\u015ft\u0131r. Repertuar\u0131, Amerikan Bach Solistleri gibi gruplarla d\u00f6nem enstr\u00fcmanlar\u0131 \u00fczerine Barok m\u00fczikten, David Temperley&#8217;in 4 No&#8217;lu Piyano Sonat\u0131 gibi yeni eserlerinin d\u00fcnya pr\u00f6miyerlerine kadar uzanmaktad\u0131r. Chautauqua ve M\u00fczik \u00d6\u011fretmenleri Ulusal Birli\u011fi Gen\u00e7 Sanat\u00e7\u0131 Kategorisi gibi yar\u0131\u015fmalarda b\u00fcy\u00fck \u00f6d\u00fcller kazanm\u0131\u015f ve Eastman M\u00fczik Okulu Anlat\u0131ml\u0131 Resital \u00d6d\u00fcl\u00fc&#8217;ne aday g\u00f6sterilmi\u015ftir.<\/p>\n\n\n\n<p style=\"font-size:18px\"><br>Dr. Crecca, Colorado College Yaz M\u00fczik Festivali, Chautauqua M\u00fczik Festivali, Amalfi Coast M\u00fczik ve Sanat Festivali ile Amerikan Bach Solist Akademisi m\u00fczik festivallerinde solist ve kat\u0131l\u0131mc\u0131 olarak sahne ald\u0131. Eastman M\u00fczik Okulu&#8217;ndan Piyano Performans\u0131 ve Edebiyat\u0131 alan\u0131nda Doktora, San Francisco M\u00fczik Konservatuar\u0131&#8217;ndan Barok M\u00fczik Piyano Performans\u0131 alan\u0131nda y\u00fcksek lisans ve Michigan \u00dcniversitesi\u2019nden Piyano Performans\u0131 ve M\u00fczik Teorisi alan\u0131nda lisans derecelerine sahiptir. Natalya Antonova, Yoshikazu Nagai ve Logan Skelton ile piyano, Corey Jamason ve Lisa Crawford ile klavsen ve fortepiano \u00e7al\u0131\u015fm\u0131\u015ft\u0131r.<\/p>\n\n\n\n<p style=\"font-size:18px\"><br>Dr. Crecca&#8217;n\u0131n ara\u015ft\u0131rmas\u0131, performans prati\u011fine ve onun icra ve pedagojisine a\u00e7\u0131kl\u0131k getiren pratik uygulamalara odaklanm\u0131\u015ft\u0131r. \u201cB\u00e9la Bart\u00f3k&#8217;un Piyano M\u00fczi\u011findeki Performans Prati\u011fi: Kompozisyonda Kullan\u0131lan Materyallerin ve Tarihi Kay\u0131tlar\u0131n \u0130ncelenmesi\u201d adl\u0131 konferans resitali, k\u0131rsal Macar halk \u015fark\u0131s\u0131ndaki ve Bart\u00f3k&#8217;un kendi icras\u0131ndaki performans e\u011filimlerinin yan\u0131 s\u0131ra, modern yorum i\u00e7in \u00e7\u0131kar\u0131mlar\u0131n\u0131 da inceler. Performans uygulamalar\u0131 hakk\u0131ndaki ara\u015ft\u0131rmas\u0131n\u0131 sunmak \u00fczere Oklahoma \u00dcniversitesi, San Francisco M\u00fczik Konservatuar\u0131 ve D\u00fcnya Piyano Konferans\u0131&#8217;na davet edilmi\u015ftir. Sanat\u00e7\u0131 2022 M\u00fczik \u00d6\u011fretmenleri Ulusal Birli\u011fi Ulusal Konferans\u0131&#8217;nda Samuel Coleridge -Taylor ve R. Nathaniel Dett&#8217;in piyano eserlerinin \u00f6\u011fretimi \u00fczerine bir sunum yapacakt\u0131r.<\/p>\n\n\n\n<p style=\"font-size:18px\"><br>Dr. Crecca, Bradley \u00dcniversitesi&#8217;nde Piyano ve M\u00fczik Tarihi Misafir Yard\u0131mc\u0131 Do\u00e7ent \u00f6\u011fretim \u00fcyesidir. Bradley&#8217;de \u00f6\u011fretmenlik yapmadan \u00f6nce, Rochester \u00dcniversitesi ve Eastman M\u00fczik Okulu\u2019nda Uygulamal\u0131 Piyano dal\u0131nda asistanl\u0131k yapt\u0131 ve burada bir masterclass serisi ba\u015flatt\u0131. \u00d6\u011fretimde M\u00fckemmellik i\u00e7in \u00d6\u011fretim Asistan\u0131 \u00d6d\u00fcl\u00fc&#8217;ne aday g\u00f6sterildi. \u00d6\u011frencileri Rochester \u00dcniversitesi Kon\u00e7erto Yar\u0131\u015fmas\u0131, Bradley \u00dcniversitesi Kon\u00e7erto ve Aria Yar\u0131\u015fmas\u0131, UR G\u00f6steri Sanatlar\u0131 Konferans\u0131, UR Uygulamal\u0131 Piyano Masterclass Serisi, Bradley Guest Artist Masterclass&#8217;ta gibi sanatsal etkinliklerde sahne ald\u0131 ve UR \u200b\u200bOda Orkestras\u0131 ve Bradley Symphonic Winds ile solo konserler verdi. Rochester \u00dcniversitesi, Oklahoma \u00dcniversitesi ve Hillsdale College&#8217;da masterclass e\u011fitmeni olarak bulunmu\u015ftur.<\/p>\n\n\n\n<figure class=\"wp-block-image size-large is-resized\"><img loading=\"lazy\" decoding=\"async\" src=\"http:\/\/piyanofestivali.bilkent.edu.tr\/wp-content\/uploads\/2022\/03\/JoshWright-1024x680.jpeg\" alt=\"\" class=\"wp-image-531\" width=\"572\" height=\"379\" srcset=\"https:\/\/piyanofestivali.bilkent.edu.tr\/wp-content\/uploads\/2022\/03\/JoshWright-1024x680.jpeg 1024w, https:\/\/piyanofestivali.bilkent.edu.tr\/wp-content\/uploads\/2022\/03\/JoshWright-300x199.jpeg 300w, https:\/\/piyanofestivali.bilkent.edu.tr\/wp-content\/uploads\/2022\/03\/JoshWright-768x510.jpeg 768w, https:\/\/piyanofestivali.bilkent.edu.tr\/wp-content\/uploads\/2022\/03\/JoshWright.jpeg 1100w\" sizes=\"auto, (max-width: 572px) 100vw, 572px\" \/><\/figure>\n\n\n\n<h2 class=\"wp-block-heading\">Josh Wright<\/h2>\n\n\n\n<p style=\"font-size:18px\">Billboard #1 sanat\u00e7\u0131s\u0131 Dr. Josh Wright, Amerika Birle\u015fik Devletleri ve Avrupa&#8217;daki dinleyicileri taraf\u0131ndan b\u00fcy\u00fck be\u011feni ile takip edilmektedir. Washington Post, onu \u201cdokunu\u015f, zeka ve \u015fa\u015f\u0131rtma becerisi gibi nadir yeteneklere\u201d sahip bir piyanist olarak tan\u0131mlad\u0131. \u0130lk resitallerini 2014 y\u0131l\u0131nda Carnegie Hall (Zankel Hall) ve Kennedy Center&#8217;da (Terrace Theatre) ger\u00e7ekle\u015ftirdi. Kendi ad\u0131n\u0131 ta\u015f\u0131yan alb\u00fcm\u00fc \u201cJosh Wright\u201d, Nisan 2011&#8217;de yay\u0131nlanmas\u0131ndan sadece \u00fc\u00e7 hafta sonra Billboard Klasik Geleneksel listesinde bir numara oldu. America&#8217;s Got Talent Sezon 9&#8217;un bir par\u00e7as\u0131 olarak Los Angeles&#8217;taki Dolby Theatre&#8217;da sahne ald\u0131. Josh, 2016-2021 y\u0131llar\u0131 aras\u0131nda Utah \u00dcniversitesi&#8217;nde piyano fak\u00fcltesinde g\u00f6rev yapt\u0131.<\/p>\n\n\n\n<p style=\"font-size:18px\"><br>Josh, Michigan \u00dcniversitesi&#8217;nden M\u00fczik Sanatlar\u0131 Doktoru derecesi ald\u0131. Utah \u00dcniversitesi&#8217;nden Y\u00fcksek Lisans derecesi ve Lisans derecesi ald\u0131. Ba\u015fl\u0131ca \u00f6\u011fretmenleri Dr. Logan Skelton ve Dr. Susan Duehlmeier&#8217;dir. Ayr\u0131ca konser piyanisti Sergei Babayan ile \u00f6zel olarak \u00e7al\u0131\u015ft\u0131. Utah \u00dcniversitesi&#8217;nden Doktora derecesi alan Dr. Josh, Dr. Lindsey Wright ile evlidir.<\/p>\n\n\n\n<p style=\"font-size:18px\"><br>2015 Ulusal Chopin Yar\u0131\u015fmas\u0131&#8217;nda \u00f6d\u00fcl kazand\u0131, ayn\u0131 zamanda yar\u0131\u015fmada Mazurka \u00f6d\u00fcl\u00fcn\u00fc de kazanan ki\u015fi oldu. 2014 Washington Uluslararas\u0131 Piyano Yar\u0131\u015fmas\u0131&#8217;nda \u00fc\u00e7\u00fcnc\u00fcl\u00fck ve seyirci \u00f6d\u00fcl\u00fc, 2013 Heida Hermanns Uluslararas\u0131 Piyano Yar\u0131\u015fmas\u0131&#8217;nda birincilik, 2013 Rosamond P. Haeberle Piyano \u00d6d\u00fcl\u00fc yar\u0131\u015fmas\u0131nda birincilik, 2010 Seattle Uluslararas\u0131 Piyano Yar\u0131\u015fmas\u0131&#8217;nda alt\u0131n madalya, 2010 American Prot\u00e9ge Uluslararas\u0131 Romantik M\u00fczik Yar\u0131\u015fmas\u0131&#8217;nda birincilik \u00f6d\u00fcl\u00fc ve 2011 M\u00fczik \u00d6\u011fretmenleri Ulusal Birli\u011fi Ulusal Yar\u0131\u015fmas\u0131&#8217;nda ikincilik \u00f6d\u00fcl\u00fc kazand\u0131. Ayr\u0131ca New York Piyano Yar\u0131\u015fmas\u0131, Louisiana Uluslararas\u0131 Piyano Yar\u0131\u015fmas\u0131 ve Julia Crane Uluslararas\u0131 Piyano Yar\u0131\u015fmas\u0131&#8217;nda da birincilik \u00f6d\u00fcl\u00fc ald\u0131.<\/p>\n\n\n\n<p style=\"font-size:18px\"><br>Josh, Utah Senfoni Orkestras\u0131, Temple Square Orkestras\u0131, Salt Lake Senfoni Orkestras\u0131, Timpanogos Senfoni Orkestras\u0131, Great Falls Senfoni Orkestras\u0131, Chopin Vakf\u0131 Orkestras\u0131, G\u00fcneybat\u0131 Senfoni Orkestras\u0131, Amerikan Bat\u0131 Senfoni Orkestras\u0131, SummerArts Orkestras\u0131 ve Utah \u00dcniversitesi \u00d6\u011frenci Oda Orkestras\u0131 gibi orkestralarla bir\u00e7ok kez sahne ald\u0131.<\/p>\n\n\n\n<p style=\"font-size:18px\"><br>Sanat\u00e7\u0131n\u0131n yedi alb\u00fcm\u00fc yay\u0131nlad\u0131; bunlar Sleigh Ride for Two (2017) Meditation (2015), My Favorite Things (2013), Josh Wright (2011), Gaspard (2010), The Complete Chopin Etudes (2003) ve Josh Wright Debut (2000).<\/p>\n\n\n\n<p style=\"font-size:18px\"><br>Josh, yorumculu\u011fun yan\u0131 s\u0131ra e\u011fitmenlik konusunda da tutkuludur. Her ya\u015ftan ve yetenekten \u00f6\u011frencilerin tekniklerini ve m\u00fczikalitelerini geli\u015ftirmelerine yard\u0131mc\u0131 olmak i\u00e7in \u00e7ok say\u0131da \u00e7evrimi\u00e7i video kursu olu\u015fturmu\u015ftur. 2021 \u00c7evrimi\u00e7i K\u00fcresel Piyano Zirvesi, 2021 Gen\u00e7 Sanat\u00e7\u0131 Piyano Kamp\u0131, Amalfi Sahili M\u00fczik Festivali (Amalfi, \u0130talya), Utah \u00dcniversitesi Uluslararas\u0131 Klavye Enstit\u00fcs\u00fc (Salt Lake City, UT), Utah Valley University Piano Festival (Provo, UT), BYU-Idaho (Rexburg, ID), Snow College (Ephraim, UT), Castle Rock Music Camp (St. George, UT) ve Shoreline Community College (Seattle, WA) dahil olmak \u00fczere bir\u00e7ok festival ve kolejde konuk \u00f6\u011fretim g\u00f6revlisi olmu\u015f ve ustal\u0131k s\u0131n\u0131f\u0131 d\u00fczenlemi\u015ftir. D\u00f6rt farkl\u0131 k\u0131tadaki \u00f6\u011frencilere Zoom ve Skype \u00fczerinden ders verdi\u011fi \u00e7evrimi\u00e7i derslerle st\u00fcdyosunu geni\u015fletmi\u015ftir.<\/p>\n\n\n\n<p style=\"font-size:18px\"><br>Josh, bir Steinway Sanat\u00e7\u0131s\u0131d\u0131r. Ekim 2019&#8217;da Steinway &amp; Sons Teacher Hall of Fame&#8217;e kabul edilmi\u015ftir. Ayn\u0131 zamanda pop\u00fcler WB TV Dizisi Everwood&#8217;da piyano dubl\u00f6rl\u00fc\u011f\u00fc yapm\u0131\u015ft\u0131r.<\/p>\n\n\n\n<p style=\"font-size:18px\"><\/p>\n\n\n\n<p style=\"font-size:18px\"><\/p>\n","protected":false},"excerpt":{"rendered":"<p>Online Seminer Konu\u015fmac\u0131lar\u0131 Elizabeth Crecca Dr. Elizabeth Crecca, piyanodaki \u201ckendine has t\u0131n\u0131s\u0131\u201d (The Chautauquan Daily) ile takdir kazanm\u0131\u015ft\u0131r. Repertuar\u0131, Amerikan Bach Solistleri gibi gruplarla d\u00f6nem [&hellip;]<\/p>\n","protected":false},"author":1,"featured_media":0,"parent":0,"menu_order":0,"comment_status":"closed","ping_status":"closed","template":"","meta":{"footnotes":""},"class_list":["post-519","page","type-page","status-publish","hentry"],"_links":{"self":[{"href":"https:\/\/piyanofestivali.bilkent.edu.tr\/index.php\/wp-json\/wp\/v2\/pages\/519","targetHints":{"allow":["GET"]}}],"collection":[{"href":"https:\/\/piyanofestivali.bilkent.edu.tr\/index.php\/wp-json\/wp\/v2\/pages"}],"about":[{"href":"https:\/\/piyanofestivali.bilkent.edu.tr\/index.php\/wp-json\/wp\/v2\/types\/page"}],"author":[{"embeddable":true,"href":"https:\/\/piyanofestivali.bilkent.edu.tr\/index.php\/wp-json\/wp\/v2\/users\/1"}],"replies":[{"embeddable":true,"href":"https:\/\/piyanofestivali.bilkent.edu.tr\/index.php\/wp-json\/wp\/v2\/comments?post=519"}],"version-history":[{"count":3,"href":"https:\/\/piyanofestivali.bilkent.edu.tr\/index.php\/wp-json\/wp\/v2\/pages\/519\/revisions"}],"predecessor-version":[{"id":574,"href":"https:\/\/piyanofestivali.bilkent.edu.tr\/index.php\/wp-json\/wp\/v2\/pages\/519\/revisions\/574"}],"wp:attachment":[{"href":"https:\/\/piyanofestivali.bilkent.edu.tr\/index.php\/wp-json\/wp\/v2\/media?parent=519"}],"curies":[{"name":"wp","href":"https:\/\/api.w.org\/{rel}","templated":true}]}}