{"id":87,"date":"2021-12-22T15:29:48","date_gmt":"2021-12-22T15:29:48","guid":{"rendered":"http:\/\/piyanofestivali.bilkent.edu.tr\/?page_id=87"},"modified":"2022-04-14T08:01:45","modified_gmt":"2022-04-14T08:01:45","slug":"accomadation","status":"publish","type":"page","link":"https:\/\/piyanofestivali.bilkent.edu.tr\/index.php\/accomadation\/","title":{"rendered":"Accommodation"},"content":{"rendered":"\n<p class=\"has-medium-font-size\"><strong>YURTLAR<\/strong><\/p>\n\n\n\n<figure class=\"wp-block-gallery has-nested-images columns-default is-cropped wp-block-gallery-1 is-layout-flex wp-block-gallery-is-layout-flex\">\n<figure class=\"wp-block-image size-large\"><img loading=\"lazy\" decoding=\"async\" width=\"831\" height=\"1024\" data-id=\"346\" src=\"http:\/\/piyanofestivali.bilkent.edu.tr\/wp-content\/uploads\/2022\/02\/IMG_0067.jpg\" alt=\"\" class=\"wp-image-346\" srcset=\"https:\/\/piyanofestivali.bilkent.edu.tr\/wp-content\/uploads\/2022\/02\/IMG_0067.jpg 831w, https:\/\/piyanofestivali.bilkent.edu.tr\/wp-content\/uploads\/2022\/02\/IMG_0067-243x300.jpg 243w, https:\/\/piyanofestivali.bilkent.edu.tr\/wp-content\/uploads\/2022\/02\/IMG_0067-768x946.jpg 768w\" sizes=\"auto, (max-width: 831px) 100vw, 831px\" \/><\/figure>\n\n\n\n<figure class=\"wp-block-image size-large\"><a href=\"http:\/\/piyanofestivali.bilkent.edu.tr\/wp-content\/uploads\/2022\/02\/IMG_0095.jpg\"><img loading=\"lazy\" decoding=\"async\" width=\"1200\" height=\"800\" data-id=\"351\" src=\"http:\/\/piyanofestivali.bilkent.edu.tr\/wp-content\/uploads\/2022\/02\/IMG_0095.jpg\" alt=\"\" class=\"wp-image-351\" srcset=\"https:\/\/piyanofestivali.bilkent.edu.tr\/wp-content\/uploads\/2022\/02\/IMG_0095.jpg 1200w, https:\/\/piyanofestivali.bilkent.edu.tr\/wp-content\/uploads\/2022\/02\/IMG_0095-300x200.jpg 300w, https:\/\/piyanofestivali.bilkent.edu.tr\/wp-content\/uploads\/2022\/02\/IMG_0095-1024x683.jpg 1024w, https:\/\/piyanofestivali.bilkent.edu.tr\/wp-content\/uploads\/2022\/02\/IMG_0095-768x512.jpg 768w\" sizes=\"auto, (max-width: 1200px) 100vw, 1200px\" \/><\/a><\/figure>\n\n\n\n<figure class=\"wp-block-image size-large\"><a href=\"http:\/\/piyanofestivali.bilkent.edu.tr\/wp-content\/uploads\/2022\/02\/IMG_0096.jpg\"><img loading=\"lazy\" decoding=\"async\" width=\"1200\" height=\"695\" data-id=\"352\" src=\"http:\/\/piyanofestivali.bilkent.edu.tr\/wp-content\/uploads\/2022\/02\/IMG_0096.jpg\" alt=\"\" class=\"wp-image-352\" srcset=\"https:\/\/piyanofestivali.bilkent.edu.tr\/wp-content\/uploads\/2022\/02\/IMG_0096.jpg 1200w, https:\/\/piyanofestivali.bilkent.edu.tr\/wp-content\/uploads\/2022\/02\/IMG_0096-300x174.jpg 300w, https:\/\/piyanofestivali.bilkent.edu.tr\/wp-content\/uploads\/2022\/02\/IMG_0096-1024x593.jpg 1024w, https:\/\/piyanofestivali.bilkent.edu.tr\/wp-content\/uploads\/2022\/02\/IMG_0096-768x445.jpg 768w\" sizes=\"auto, (max-width: 1200px) 100vw, 1200px\" \/><\/a><\/figure>\n\n\n\n<figure class=\"wp-block-image size-full\"><a href=\"http:\/\/piyanofestivali.bilkent.edu.tr\/wp-content\/uploads\/2022\/04\/IMG_0196.jpg\"><img loading=\"lazy\" decoding=\"async\" width=\"462\" height=\"500\" data-id=\"577\" src=\"https:\/\/piyanofestivali.bilkent.edu.tr\/wp-content\/uploads\/2022\/04\/IMG_0196.jpg\" alt=\"\" class=\"wp-image-577\" srcset=\"https:\/\/piyanofestivali.bilkent.edu.tr\/wp-content\/uploads\/2022\/04\/IMG_0196.jpg 462w, https:\/\/piyanofestivali.bilkent.edu.tr\/wp-content\/uploads\/2022\/04\/IMG_0196-277x300.jpg 277w\" sizes=\"auto, (max-width: 462px) 100vw, 462px\" \/><\/a><\/figure>\n\n\n\n<figure class=\"wp-block-image size-large\"><a href=\"http:\/\/piyanofestivali.bilkent.edu.tr\/wp-content\/uploads\/2022\/02\/IMG_0059.jpg\"><img loading=\"lazy\" decoding=\"async\" width=\"1200\" height=\"638\" data-id=\"344\" src=\"http:\/\/piyanofestivali.bilkent.edu.tr\/wp-content\/uploads\/2022\/02\/IMG_0059.jpg\" alt=\"\" class=\"wp-image-344\" srcset=\"https:\/\/piyanofestivali.bilkent.edu.tr\/wp-content\/uploads\/2022\/02\/IMG_0059.jpg 1200w, https:\/\/piyanofestivali.bilkent.edu.tr\/wp-content\/uploads\/2022\/02\/IMG_0059-300x160.jpg 300w, https:\/\/piyanofestivali.bilkent.edu.tr\/wp-content\/uploads\/2022\/02\/IMG_0059-1024x544.jpg 1024w, https:\/\/piyanofestivali.bilkent.edu.tr\/wp-content\/uploads\/2022\/02\/IMG_0059-768x408.jpg 768w\" sizes=\"auto, (max-width: 1200px) 100vw, 1200px\" \/><\/a><\/figure>\n\n\n\n<figure class=\"wp-block-image size-large\"><a href=\"http:\/\/piyanofestivali.bilkent.edu.tr\/wp-content\/uploads\/2022\/04\/IMG_0197.jpg\"><img loading=\"lazy\" decoding=\"async\" width=\"500\" height=\"335\" data-id=\"578\" src=\"https:\/\/piyanofestivali.bilkent.edu.tr\/wp-content\/uploads\/2022\/04\/IMG_0197.jpg\" alt=\"\" class=\"wp-image-578\" srcset=\"https:\/\/piyanofestivali.bilkent.edu.tr\/wp-content\/uploads\/2022\/04\/IMG_0197.jpg 500w, https:\/\/piyanofestivali.bilkent.edu.tr\/wp-content\/uploads\/2022\/04\/IMG_0197-300x201.jpg 300w\" sizes=\"auto, (max-width: 500px) 100vw, 500px\" \/><\/a><\/figure>\n<\/figure>\n\n\n\n<p style=\"font-size:18px\">Bilkent \u00dcniversitesi kamp\u00fcs\u00fcnde yer alan yurtlar M\u00fczik Binas\u0131&#8217;na y\u00fcr\u00fcme mesafesinde olup, elveri\u015fli ve g\u00fcvenli bir konuma sahiplerdir.<\/p>\n\n\n\n<p style=\"font-size:18px\">\u00d6\u011frencilerimize rahat ve konforlu yurt ya\u015fam\u0131n\u0131 sa\u011flamak i\u00e7in t\u00fcm odalar\u0131m\u0131zda tek ki\u015filik yatak veya ranza, \u00e7al\u0131\u015fma masas\u0131, masa sandalye, kitapl\u0131k veya raf, gard\u0131rop, \u00e7\u00f6p sepeti ve mini buzdolab\u0131 bulunmaktad\u0131r. T\u00fcm \u00f6\u011frenci odalar\u0131nda, Bilkent \u00dcniversitesi&#8217;nin y\u00fcksek h\u0131zl\u0131 (1GB) s\u0131n\u0131rs\u0131z internet eri\u015fimini \u00fccretsiz olarak sa\u011flayan DORM-NET a\u011f\u0131na UTP ba\u011flant\u0131s\u0131 vard\u0131r.<\/p>\n\n\n\n<p style=\"font-size:18px\">T\u00fcm yurtlarda mutfak\/k\u00fc\u00e7\u00fck mutfak, TV\/sosyal salonlar, \u00e7al\u0131\u015fma salonlar\u0131, self servis \u00e7ama\u015f\u0131r\/\u00fct\u00fc odalar\u0131, oyun\/ziyaret\u00e7i alanlar\u0131 veya odalar\u0131 gibi ortak alanlar bulunmaktad\u0131r.<\/p>\n\n\n\n<p style=\"font-size:18px\">Tam donan\u0131ml\u0131, iyi planlanm\u0131\u015f ortak banyo ve tuvaletlerin her kata uygun \u015fekilde yerle\u015ftirildi\u011fi yurtlarda merkezi \u0131s\u0131tma ve 24 saat kesintisiz s\u0131cak su standartt\u0131r. Binalarda 7\/24 g\u00fcvenlik g\u00f6revlileri mevcuttur. Yurtlar b\u00f6lgesinde ayr\u0131ca kafeteryalar, a\u00e7\u0131k ve kapal\u0131 spor alanlar\u0131, ye\u015fil alanlar ve otoparklar da yer almaktad\u0131r.<\/p>\n\n\n\n<p style=\"font-size:18px\">Oda ve oda arkada\u015f\u0131 tercihleri \u200b\u200bba\u015fvuru formunda belirtilmelidir.<\/p>\n\n\n\n<p style=\"font-size:18px\"><strong>*K\u00fc\u00e7\u00fckler (18 ya\u015f alt\u0131):<\/strong><\/p>\n\n\n\n<p style=\"font-size:18px\">Yurtta kalmak isteyen k\u00fc\u00e7\u00fck kat\u0131l\u0131mc\u0131lara bir ebeveyn veya vasi e\u015flik etmelidir.&nbsp;<\/p>\n\n\n\n<p style=\"font-size:18px\"><\/p>\n\n\n\n<p class=\"has-medium-font-size\"><strong>TABLE D\u2019HOTE YEMEK PLANI<\/strong><\/p>\n\n\n\n<figure class=\"wp-block-image size-large is-resized\"><img loading=\"lazy\" decoding=\"async\" src=\"http:\/\/piyanofestivali.bilkent.edu.tr\/wp-content\/uploads\/2022\/02\/Bilkent-marmara-min-567x1024.jpg\" alt=\"\" class=\"wp-image-356\" width=\"232\" height=\"419\" srcset=\"https:\/\/piyanofestivali.bilkent.edu.tr\/wp-content\/uploads\/2022\/02\/Bilkent-marmara-min-567x1024.jpg 567w, https:\/\/piyanofestivali.bilkent.edu.tr\/wp-content\/uploads\/2022\/02\/Bilkent-marmara-min-166x300.jpg 166w, https:\/\/piyanofestivali.bilkent.edu.tr\/wp-content\/uploads\/2022\/02\/Bilkent-marmara-min.jpg 654w\" sizes=\"auto, (max-width: 232px) 100vw, 232px\" \/><\/figure>\n\n\n\n<p style=\"font-size:18px\">Kat\u0131l\u0131mc\u0131lar\u0131n kamp\u00fcste kahvalt\u0131, \u00f6\u011fle yeme\u011fi ve ak\u015fam yeme\u011fini i\u00e7eren d\u00fczenli yemek planlar\u0131m\u0131za kat\u0131lmalar\u0131 te\u015fvik edilir.<\/p>\n\n\n\n<p style=\"font-size:18px\">Bilkent \u00dcniversitesi beslenme b\u00f6l\u00fcm\u00fc taraf\u0131ndan tasarlanan \u00f6\u011f\u00fcnler sa\u011fl\u0131kl\u0131 ve dengelidir (Vejetaryen se\u00e7enekleri mevcuttur).<\/p>\n\n\n\n<p style=\"font-size:18px\">* Haftal\u0131k tabldot men\u00fcs\u00fcn\u00fc okumak i\u00e7in t\u0131klay\u0131n\u0131z.<\/p>\n\n\n\n<p style=\"font-size:18px\"><a href=\"https:\/\/w3.bilkent.edu.tr\/bilkent\/cafeterias-management\/weekly-table-dhote-menu\/\">https:\/\/w3.bilkent.edu.tr\/bilkent\/cafeterias-management\/weekly-table-dhote-menu\/<\/a><\/p>\n\n\n\n<p style=\"font-size:18px\">Ayr\u0131ca kamp\u00fcs\u00fcn her yerinde \u00e7e\u015fitli yeme-i\u00e7me alternatifleri sunan \u00e7ok say\u0131da kafeterya bulunmaktad\u0131r.<\/p>\n\n\n\n<p class=\"has-medium-font-size\"><strong>SA\u011eLIK MERKEZ\u0130<\/strong><\/p>\n\n\n\n<figure class=\"wp-block-image size-full is-resized\"><img loading=\"lazy\" decoding=\"async\" src=\"http:\/\/piyanofestivali.bilkent.edu.tr\/wp-content\/uploads\/2022\/02\/IMG_0106-1.jpg\" alt=\"\" class=\"wp-image-357\" width=\"387\" height=\"290\" srcset=\"https:\/\/piyanofestivali.bilkent.edu.tr\/wp-content\/uploads\/2022\/02\/IMG_0106-1.jpg 732w, https:\/\/piyanofestivali.bilkent.edu.tr\/wp-content\/uploads\/2022\/02\/IMG_0106-1-300x225.jpg 300w\" sizes=\"auto, (max-width: 387px) 100vw, 387px\" \/><\/figure>\n\n\n\n<p style=\"font-size:18px\">Kat\u0131l\u0131mc\u0131lar, M\u00fczik Fak\u00fcltesi Binas\u0131&#8217;na sadece 10 dakikal\u0131k y\u00fcr\u00fcme mesafesinde bulunan Bilkent \u00dcniversitesi Sa\u011fl\u0131k Merkezi&#8217;nin birinci basamak sa\u011fl\u0131k hizmetlerinden yararlanabilecekler.<\/p>\n\n\n\n<p style=\"font-size:18px\">Acil durumlarda, Sa\u011fl\u0131k Merkezi doktorlar\u0131 ve hem\u015fireleri e\u015fli\u011finde \u00fcniversite ambulanslar\u0131, hastalar\u0131 yak\u0131ndaki hastanelere g\u00f6t\u00fcrmek i\u00e7in 24 saat hizmet vermektedir.<\/p>\n\n\n\n<p style=\"font-size:18px\">Sigorta ama\u00e7l\u0131 olarak, ba\u015fvuru formunda kat\u0131l\u0131mc\u0131lar\u0131n TC Kimlik Numaras\u0131 ibraz edilmelidir. Uluslararas\u0131 sa\u011fl\u0131k sigortas\u0131 olan uluslararas\u0131 kat\u0131l\u0131mc\u0131lar\u0131n, sigorta bilgileri ve kapsam\u0131 ile ilgili olarak pianofestbilkent@gmail.com adresine mail atmalar\u0131 gerekmektedir.<\/p>\n\n\n\n<p style=\"font-size:18px\"><strong>Sa\u011fl\u0131k Servis Saatleri ve Konum:<\/strong><\/p>\n\n\n\n<p style=\"font-size:18px\">Ana Kamp\u00fcs Sa\u011fl\u0131k Merkezi (Haritada konum)<\/p>\n\n\n\n<p style=\"font-size:18px\">Hafta i\u00e7i her g\u00fcn Pazartesi &#8211; Cuma<\/p>\n\n\n\n<p style=\"font-size:18px\">08:30-11:30 ve 12:30-17:30<\/p>\n\n\n\n<p style=\"font-size:18px\">Tel: Dahili 1666 veya 0312 290 1666<\/p>\n\n\n\n<p style=\"font-size:18px\">Acil bir durumda:<\/p>\n\n\n\n<p style=\"font-size:18px\">Kamp\u00fcs i\u00e7inden dahili 6666 numaral\u0131 telefonu veya 0312 266 4050 veya 0312 266 4051 numaral\u0131 telefonu (kamp\u00fcs d\u0131\u015f\u0131ndan) aray\u0131n.<\/p>\n\n\n\n<p style=\"font-size:18px\">SA\u011eLIK MERKEZLER\u0130M\u0130Z AC\u0130L DURUMLAR \u0130\u00c7\u0130N 7\/24 A\u00c7IKTIR.<\/p>\n\n\n\n<p style=\"font-size:18px\">* Daha fazla bilgi i\u00e7in l\u00fctfen ziyaret edin:<\/p>\n\n\n\n<p style=\"font-size:18px\"><a href=\"https:\/\/w3.bilkent.edu.tr\/bilkent\/health-center\/\">https:\/\/w3.bilkent.edu.tr\/bilkent\/health-center\/<\/a><\/p>\n\n\n\n<p style=\"font-size:18px\"><\/p>\n\n\n\n<p class=\"has-medium-font-size\"><strong>YEREL RESTORANLAR \/ ALI\u015eVER\u0130\u015e MERKEZLER\u0130<\/strong><\/p>\n\n\n\n<figure class=\"wp-block-gallery has-nested-images columns-default is-cropped wp-block-gallery-2 is-layout-flex wp-block-gallery-is-layout-flex\">\n<figure class=\"wp-block-image size-large\"><img loading=\"lazy\" decoding=\"async\" width=\"860\" height=\"412\" data-id=\"358\" src=\"http:\/\/piyanofestivali.bilkent.edu.tr\/wp-content\/uploads\/2022\/02\/IMG_0076-1.jpg\" alt=\"\" class=\"wp-image-358\" srcset=\"https:\/\/piyanofestivali.bilkent.edu.tr\/wp-content\/uploads\/2022\/02\/IMG_0076-1.jpg 860w, https:\/\/piyanofestivali.bilkent.edu.tr\/wp-content\/uploads\/2022\/02\/IMG_0076-1-300x144.jpg 300w, https:\/\/piyanofestivali.bilkent.edu.tr\/wp-content\/uploads\/2022\/02\/IMG_0076-1-768x368.jpg 768w\" sizes=\"auto, (max-width: 860px) 100vw, 860px\" \/><\/figure>\n\n\n\n<figure class=\"wp-block-image size-large\"><img loading=\"lazy\" decoding=\"async\" width=\"1024\" height=\"768\" data-id=\"359\" src=\"http:\/\/piyanofestivali.bilkent.edu.tr\/wp-content\/uploads\/2022\/02\/IMG_0086-1-1024x768.jpg\" alt=\"\" class=\"wp-image-359\" srcset=\"https:\/\/piyanofestivali.bilkent.edu.tr\/wp-content\/uploads\/2022\/02\/IMG_0086-1-1024x768.jpg 1024w, https:\/\/piyanofestivali.bilkent.edu.tr\/wp-content\/uploads\/2022\/02\/IMG_0086-1-300x225.jpg 300w, https:\/\/piyanofestivali.bilkent.edu.tr\/wp-content\/uploads\/2022\/02\/IMG_0086-1-768x576.jpg 768w, https:\/\/piyanofestivali.bilkent.edu.tr\/wp-content\/uploads\/2022\/02\/IMG_0086-1-1536x1152.jpg 1536w, https:\/\/piyanofestivali.bilkent.edu.tr\/wp-content\/uploads\/2022\/02\/IMG_0086-1-2048x1536.jpg 2048w\" sizes=\"auto, (max-width: 1024px) 100vw, 1024px\" \/><\/figure>\n<\/figure>\n\n\n\n<p style=\"font-size:18px\">Bilkent Center ve Ankuva al\u0131\u015fveri\u015f merkezi M\u00fczik Fak\u00fcltesi Binas\u0131&#8217;na yakla\u015f\u0131k yirmi dakikal\u0131k y\u00fcr\u00fcme mesafesindedir. Bu b\u00f6lgede \u00e7ok say\u0131da restoran, kafe ve \u00e7e\u015fitli al\u0131\u015fveri\u015f se\u00e7enekleri bulunmaktad\u0131r.<\/p>\n\n\n\n<p style=\"font-size:18px\">Banka ve Postane hizmetleri hem kamp\u00fcste hem de Bilkent Center\u2019da yer almaktad\u0131r.<\/p>\n\n\n\n<p class=\"has-medium-font-size\"><strong>SPOR TES\u0130SLER\u0130<\/strong><\/p>\n\n\n\n<figure class=\"wp-block-gallery has-nested-images columns-default is-cropped wp-block-gallery-3 is-layout-flex wp-block-gallery-is-layout-flex\">\n<figure class=\"wp-block-image size-large\"><img loading=\"lazy\" decoding=\"async\" width=\"755\" height=\"783\" data-id=\"360\" src=\"http:\/\/piyanofestivali.bilkent.edu.tr\/wp-content\/uploads\/2022\/02\/IMG_0082-1.jpg\" alt=\"\" class=\"wp-image-360\" srcset=\"https:\/\/piyanofestivali.bilkent.edu.tr\/wp-content\/uploads\/2022\/02\/IMG_0082-1.jpg 755w, https:\/\/piyanofestivali.bilkent.edu.tr\/wp-content\/uploads\/2022\/02\/IMG_0082-1-289x300.jpg 289w\" sizes=\"auto, (max-width: 755px) 100vw, 755px\" \/><\/figure>\n\n\n\n<figure class=\"wp-block-image size-large\"><img loading=\"lazy\" decoding=\"async\" width=\"1024\" height=\"576\" data-id=\"361\" src=\"http:\/\/piyanofestivali.bilkent.edu.tr\/wp-content\/uploads\/2022\/02\/IMG_0099-1-1024x576.jpg\" alt=\"\" class=\"wp-image-361\" srcset=\"https:\/\/piyanofestivali.bilkent.edu.tr\/wp-content\/uploads\/2022\/02\/IMG_0099-1-1024x576.jpg 1024w, https:\/\/piyanofestivali.bilkent.edu.tr\/wp-content\/uploads\/2022\/02\/IMG_0099-1-300x169.jpg 300w, https:\/\/piyanofestivali.bilkent.edu.tr\/wp-content\/uploads\/2022\/02\/IMG_0099-1-768x432.jpg 768w, https:\/\/piyanofestivali.bilkent.edu.tr\/wp-content\/uploads\/2022\/02\/IMG_0099-1-1536x864.jpg 1536w, https:\/\/piyanofestivali.bilkent.edu.tr\/wp-content\/uploads\/2022\/02\/IMG_0099-1-2048x1152.jpg 2048w\" sizes=\"auto, (max-width: 1024px) 100vw, 1024px\" \/><\/figure>\n<\/figure>\n\n\n\n<p style=\"font-size:18px\">Kat\u0131l\u0131mc\u0131lar kamp\u00fcsteki iki spor salonundaki modern olanaklardan yararlanabilirler.<\/p>\n\n\n\n<p class=\"has-medium-font-size\"><strong>K\u00dcT\u00dcPHANE<\/strong><\/p>\n\n\n\n<figure class=\"wp-block-gallery has-nested-images columns-default is-cropped wp-block-gallery-4 is-layout-flex wp-block-gallery-is-layout-flex\">\n<figure class=\"wp-block-image size-full\"><img loading=\"lazy\" decoding=\"async\" width=\"960\" height=\"640\" data-id=\"363\" src=\"http:\/\/piyanofestivali.bilkent.edu.tr\/wp-content\/uploads\/2022\/02\/IMG_0104-1.jpg\" alt=\"\" class=\"wp-image-363\" srcset=\"https:\/\/piyanofestivali.bilkent.edu.tr\/wp-content\/uploads\/2022\/02\/IMG_0104-1.jpg 960w, https:\/\/piyanofestivali.bilkent.edu.tr\/wp-content\/uploads\/2022\/02\/IMG_0104-1-300x200.jpg 300w, https:\/\/piyanofestivali.bilkent.edu.tr\/wp-content\/uploads\/2022\/02\/IMG_0104-1-768x512.jpg 768w\" sizes=\"auto, (max-width: 960px) 100vw, 960px\" \/><\/figure>\n\n\n\n<figure class=\"wp-block-image size-large\"><img loading=\"lazy\" decoding=\"async\" width=\"1024\" height=\"1024\" data-id=\"362\" src=\"http:\/\/piyanofestivali.bilkent.edu.tr\/wp-content\/uploads\/2022\/02\/IMG_0080-1-1024x1024.jpg\" alt=\"\" class=\"wp-image-362\" srcset=\"https:\/\/piyanofestivali.bilkent.edu.tr\/wp-content\/uploads\/2022\/02\/IMG_0080-1-1024x1024.jpg 1024w, https:\/\/piyanofestivali.bilkent.edu.tr\/wp-content\/uploads\/2022\/02\/IMG_0080-1-300x300.jpg 300w, https:\/\/piyanofestivali.bilkent.edu.tr\/wp-content\/uploads\/2022\/02\/IMG_0080-1-150x150.jpg 150w, https:\/\/piyanofestivali.bilkent.edu.tr\/wp-content\/uploads\/2022\/02\/IMG_0080-1-768x768.jpg 768w, https:\/\/piyanofestivali.bilkent.edu.tr\/wp-content\/uploads\/2022\/02\/IMG_0080-1.jpg 1200w\" sizes=\"auto, (max-width: 1024px) 100vw, 1024px\" \/><\/figure>\n<\/figure>\n\n\n\n<p style=\"font-size:18px\">Kat\u0131l\u0131mc\u0131lar kamp\u00fcs k\u00fct\u00fcphanesi koleksiyonuna tam eri\u015fime sahip olacaklard\u0131r.<\/p>\n\n\n\n<p class=\"has-medium-font-size\"><strong>ULA\u015eIM<\/strong><\/p>\n\n\n\n<p style=\"font-size:18px\">Kamp\u00fcse ula\u015f\u0131m, belirli saatlerde Bilkent \u00dcniversitesi ve \u015fehir merkezinden kalkan \u00f6zel servis ara\u00e7lar\u0131 ile yap\u0131lmaktad\u0131r. \u00dcniversite taraf\u0131ndan sa\u011flanan bu ula\u015f\u0131m imkanlar\u0131 \u00f6\u011frenciler i\u00e7in \u00fccretsizdir.<\/p>\n\n\n\n<p style=\"font-size:18px\">\u00d6\u011frenci Otob\u00fcs Saatleri:<\/p>\n\n\n\n<p style=\"font-size:18px\">Merkez Kamp\u00fcs<\/p>\n\n\n\n<p style=\"font-size:18px\"><strong>\u00d6\u011frenci Servis Planlar\u0131:<\/strong><\/p>\n\n\n\n<p style=\"font-size:18px\">Tunus Dura\u011f\u0131<\/p>\n\n\n\n<p style=\"font-size:18px\">S\u0131hhiye Dura\u011f\u0131<\/p>\n\n\n\n<p style=\"font-size:18px\"><a href=\"https:\/\/w3.bilkent.edu.tr\/www\/kampuste-yasam\/ulasim\/\">https:\/\/w3.bilkent.edu.tr\/www\/kampuste-yasam\/ulasim\/<\/a><\/p>\n\n\n\n<p style=\"font-size:18px\">EGO Ring servis g\u00fczergahlar\u0131 \u015fu \u015fekilde olacakt\u0131r:<\/p>\n\n\n\n<p style=\"font-size:18px\">175 numaral\u0131 ring, Bilkent Ana kamp\u00fcs EGO otob\u00fcs duraklar\u0131nda duracakt\u0131r.<\/p>\n\n\n\n<p style=\"font-size:18px\">176 numaral\u0131 ring, Bilkent Ana kamp\u00fcs EGO otob\u00fcs duraklar\u0131nda duracakt\u0131r.<\/p>\n\n\n\n<p style=\"font-size:18px\">111 numaral\u0131 ring, \u0130hsan Do\u011framac\u0131 Bulvar\u0131 \u00fczerindeki g\u00fczergah\u0131 takip ediyor.<\/p>\n\n\n\n<p style=\"font-size:18px\">175 numaral\u0131 Belediye Otob\u00fcs Hatt\u0131, Bilkent \u00dcniversitesi Kamp\u00fcs\u00fc&#8217;nden ge\u00e7ecektir.<\/p>\n\n\n\n<p style=\"font-size:18px\">Detayl\u0131 Bilgi \u0130\u00e7in:<\/p>\n\n\n\n<p style=\"font-size:18px\"><a href=\"https:\/\/w3.bilkent.edu.tr\/www\/kampusun-konumu-ve-haritalar\/\">https:\/\/w3.bilkent.edu.tr\/www\/kampusun-konumu-ve-haritalar\/<\/a><\/p>\n\n\n\n<p><\/p>\n\n\n\n<p style=\"font-size:18px\"><strong>Uluslararas\u0131 Kat\u0131l\u0131mc\u0131lar i\u00e7in Konaklama + E\u011fitim + Yemekler \u00dccreti:<\/strong><\/p>\n\n\n\n<p style=\"font-size:18px\">750 \u20ac<\/p>\n\n\n\n<p><strong>Yurti\u00e7i Kat\u0131l\u0131mc\u0131lar i\u00e7in Konaklama:<\/strong><\/p>\n\n\n\n<figure class=\"wp-block-table is-style-stripes\" style=\"font-size:18px\"><table class=\"has-fixed-layout\"><tbody><tr><td>Tek Ki\u015filik Oda<br>(Ortak banyo ve tuvalet)<\/td><td>\u00c7ift ki\u015filik \/ Payla\u015f\u0131ml\u0131 oda (Ortak banyo ve tuvalet)<\/td><td>\u00c7ift ki\u015filik \/ Banyolu Oda<\/td><\/tr><tr><td>90-91. Yurtlar <br>G\u00fcnl\u00fck &nbsp; &nbsp; &nbsp; &nbsp; &nbsp; &nbsp;<\/td><td>90-91. Yurtlar <br>G\u00fcnl\u00fck, Ki\u015fi Ba\u015f\u0131<\/td><td>69-70. Yurtlar <br>G\u00fcnl\u00fck, Ki\u015fi Ba\u015f\u0131<\/td><\/tr><tr><td>108 \u20ba<\/td><td>70\u20ba <\/td><td>112 \u20ba <\/td><\/tr><\/tbody><\/table><\/figure>\n\n\n\n<p style=\"font-size:18px\"><\/p>\n\n\n\n<ul class=\"wp-block-list\" style=\"font-size:18px\"><li>1 Nisan 2022 tarihinden itibaren \u00dcniversite Tabldot Kafeteryalar\u0131nda Bilkent mensubu olmayanlar i\u00e7in uygulanacak men\u00fc fiyatlar\u0131 a\u015fa\u011f\u0131daki gibidir (Herhangi bir men\u00fcden paket servis olarak sat\u0131n al\u0131nmak istendi\u011fi takdirde ilave 7,50.-TL \u00fccreti ile):<\/li><\/ul>\n\n\n\n<p style=\"font-size:18px\"><strong>Yurti\u00e7i Kat\u0131l\u0131mc\u0131lar i\u00e7in Yemekler:<\/strong><\/p>\n\n\n\n<p style=\"font-size:18px\"><strong>(17 Ocak 2022 itibariyle)<\/strong><\/p>\n\n\n\n<figure class=\"wp-block-table is-style-stripes\" style=\"font-size:18px\"><table><tbody><tr><td><\/td><td class=\"has-text-align-left\" data-align=\"left\">Kahvalt\u0131<\/td><td class=\"has-text-align-left\" data-align=\"left\">\u00d6\u011fle Yeme\u011fi<\/td><td>Ak\u015fam Yeme\u011fi<\/td><td class=\"has-text-align-left\" data-align=\"left\">Alternatif <br>Menu<\/td><td class=\"has-text-align-left\" data-align=\"left\">G\u00fcnl\u00fck Toplam<\/td><\/tr><tr><td> G\u00fcnl\u00fck Yemek \u00dccreti<\/td><td class=\"has-text-align-left\" data-align=\"left\">26,50 \u20ba <\/td><td class=\"has-text-align-left\" data-align=\"left\">40,50 \u20ba <br><\/td><td>39,25 \u20ba <\/td><td class=\"has-text-align-left\" data-align=\"left\">53\u20ba <br><\/td><td class=\"has-text-align-left\" data-align=\"left\">107,50 \u20ba <\/td><\/tr><tr><td>8 G\u00fcnl\u00fck Yemek \u00dccreti<\/td><td class=\"has-text-align-left\" data-align=\"left\">860 \u20ba  <\/td><td class=\"has-text-align-left\" data-align=\"left\"><\/td><td><\/td><td class=\"has-text-align-left\" data-align=\"left\"><\/td><td class=\"has-text-align-left\" data-align=\"left\"><\/td><\/tr><\/tbody><\/table><\/figure>\n\n\n\n<p style=\"font-size:18px\"><\/p>\n","protected":false},"excerpt":{"rendered":"<p>YURTLAR Bilkent \u00dcniversitesi kamp\u00fcs\u00fcnde yer alan yurtlar M\u00fczik Binas\u0131&#8217;na y\u00fcr\u00fcme mesafesinde olup, elveri\u015fli ve g\u00fcvenli bir konuma sahiplerdir. \u00d6\u011frencilerimize rahat ve konforlu yurt ya\u015fam\u0131n\u0131 sa\u011flamak [&hellip;]<\/p>\n","protected":false},"author":1,"featured_media":0,"parent":0,"menu_order":3,"comment_status":"closed","ping_status":"closed","template":"","meta":{"footnotes":""},"class_list":["post-87","page","type-page","status-publish","hentry"],"_links":{"self":[{"href":"https:\/\/piyanofestivali.bilkent.edu.tr\/index.php\/wp-json\/wp\/v2\/pages\/87","targetHints":{"allow":["GET"]}}],"collection":[{"href":"https:\/\/piyanofestivali.bilkent.edu.tr\/index.php\/wp-json\/wp\/v2\/pages"}],"about":[{"href":"https:\/\/piyanofestivali.bilkent.edu.tr\/index.php\/wp-json\/wp\/v2\/types\/page"}],"author":[{"embeddable":true,"href":"https:\/\/piyanofestivali.bilkent.edu.tr\/index.php\/wp-json\/wp\/v2\/users\/1"}],"replies":[{"embeddable":true,"href":"https:\/\/piyanofestivali.bilkent.edu.tr\/index.php\/wp-json\/wp\/v2\/comments?post=87"}],"version-history":[{"count":21,"href":"https:\/\/piyanofestivali.bilkent.edu.tr\/index.php\/wp-json\/wp\/v2\/pages\/87\/revisions"}],"predecessor-version":[{"id":583,"href":"https:\/\/piyanofestivali.bilkent.edu.tr\/index.php\/wp-json\/wp\/v2\/pages\/87\/revisions\/583"}],"wp:attachment":[{"href":"https:\/\/piyanofestivali.bilkent.edu.tr\/index.php\/wp-json\/wp\/v2\/media?parent=87"}],"curies":[{"name":"wp","href":"https:\/\/api.w.org\/{rel}","templated":true}]}}